{"id":1289,"date":"2025-09-25T22:44:12","date_gmt":"2025-09-26T01:44:12","guid":{"rendered":"https:\/\/ingaweb.com.br\/novo\/home\/?page_id=1289"},"modified":"2025-09-25T23:43:49","modified_gmt":"2025-09-26T02:43:49","slug":"nossos-golfistas","status":"publish","type":"page","link":"https:\/\/ingaweb.com.br\/novo\/home\/nossos-golfistas\/","title":{"rendered":"Nossos Golfistas"},"content":{"rendered":"\t\t<div data-elementor-type=\"wp-page\" data-elementor-id=\"1289\" class=\"elementor elementor-1289\" data-elementor-settings=\"{&quot;element_pack_global_tooltip_width&quot;:{&quot;unit&quot;:&quot;px&quot;,&quot;size&quot;:&quot;&quot;,&quot;sizes&quot;:[]},&quot;element_pack_global_tooltip_width_tablet&quot;:{&quot;unit&quot;:&quot;px&quot;,&quot;size&quot;:&quot;&quot;,&quot;sizes&quot;:[]},&quot;element_pack_global_tooltip_width_mobile&quot;:{&quot;unit&quot;:&quot;px&quot;,&quot;size&quot;:&quot;&quot;,&quot;sizes&quot;:[]},&quot;element_pack_global_tooltip_padding&quot;:{&quot;unit&quot;:&quot;px&quot;,&quot;top&quot;:&quot;&quot;,&quot;right&quot;:&quot;&quot;,&quot;bottom&quot;:&quot;&quot;,&quot;left&quot;:&quot;&quot;,&quot;isLinked&quot;:true},&quot;element_pack_global_tooltip_padding_tablet&quot;:{&quot;unit&quot;:&quot;px&quot;,&quot;top&quot;:&quot;&quot;,&quot;right&quot;:&quot;&quot;,&quot;bottom&quot;:&quot;&quot;,&quot;left&quot;:&quot;&quot;,&quot;isLinked&quot;:true},&quot;element_pack_global_tooltip_padding_mobile&quot;:{&quot;unit&quot;:&quot;px&quot;,&quot;top&quot;:&quot;&quot;,&quot;right&quot;:&quot;&quot;,&quot;bottom&quot;:&quot;&quot;,&quot;left&quot;:&quot;&quot;,&quot;isLinked&quot;:true},&quot;element_pack_global_tooltip_border_radius&quot;:{&quot;unit&quot;:&quot;px&quot;,&quot;top&quot;:&quot;&quot;,&quot;right&quot;:&quot;&quot;,&quot;bottom&quot;:&quot;&quot;,&quot;left&quot;:&quot;&quot;,&quot;isLinked&quot;:true},&quot;element_pack_global_tooltip_border_radius_tablet&quot;:{&quot;unit&quot;:&quot;px&quot;,&quot;top&quot;:&quot;&quot;,&quot;right&quot;:&quot;&quot;,&quot;bottom&quot;:&quot;&quot;,&quot;left&quot;:&quot;&quot;,&quot;isLinked&quot;:true},&quot;element_pack_global_tooltip_border_radius_mobile&quot;:{&quot;unit&quot;:&quot;px&quot;,&quot;top&quot;:&quot;&quot;,&quot;right&quot;:&quot;&quot;,&quot;bottom&quot;:&quot;&quot;,&quot;left&quot;:&quot;&quot;,&quot;isLinked&quot;:true}}\" data-elementor-post-type=\"page\">\n\t\t\t\t<div data-particle_enable=\"false\" data-particle-mobile-disabled=\"false\" class=\"elementor-element elementor-element-28154c6 e-flex e-con-boxed e-con e-parent\" data-id=\"28154c6\" data-element_type=\"container\" data-settings=\"{&quot;background_background&quot;:&quot;classic&quot;,&quot;ekit_has_onepagescroll_dot&quot;:&quot;yes&quot;}\">\n\t\t\t\t\t<div class=\"e-con-inner\">\n\t\t<div data-particle_enable=\"false\" data-particle-mobile-disabled=\"false\" class=\"elementor-element elementor-element-e481e41 e-con-full e-flex e-con e-child\" data-id=\"e481e41\" data-element_type=\"container\" data-settings=\"{&quot;ekit_has_onepagescroll_dot&quot;:&quot;yes&quot;}\">\n\t\t\t\t<div class=\"elementor-element elementor-element-5d9343c elementor-invisible elementor-widget elementor-widget-heading\" data-id=\"5d9343c\" data-element_type=\"widget\" data-settings=\"{&quot;_animation&quot;:&quot;fadeInDown&quot;,&quot;_animation_tablet&quot;:&quot;fadeInDown&quot;,&quot;ekit_we_effect_on&quot;:&quot;none&quot;}\" data-widget_type=\"heading.default\">\n\t\t\t\t\t<h1 class=\"elementor-heading-title elementor-size-default\">Nossos Golfistas<\/h1>\t\t\t\t<\/div>\n\t\t\t\t<\/div>\n\t\t\t\t\t<\/div>\n\t\t\t\t<\/div>\n\t\t<div data-particle_enable=\"false\" data-particle-mobile-disabled=\"false\" class=\"elementor-element elementor-element-8dd887e e-flex e-con-boxed e-con e-parent\" data-id=\"8dd887e\" data-element_type=\"container\" data-settings=\"{&quot;ekit_has_onepagescroll_dot&quot;:&quot;yes&quot;}\">\n\t\t\t\t\t<div class=\"e-con-inner\">\n\t\t<div data-particle_enable=\"false\" data-particle-mobile-disabled=\"false\" class=\"elementor-element elementor-element-ce35d89 e-con-full e-flex elementor-invisible e-con e-child\" data-id=\"ce35d89\" data-element_type=\"container\" data-settings=\"{&quot;animation&quot;:&quot;fadeInLeft&quot;,&quot;ekit_has_onepagescroll_dot&quot;:&quot;yes&quot;}\">\n\t\t\t\t<div class=\"elementor-element elementor-element-9ee1117 elementor-widget elementor-widget-heading\" data-id=\"9ee1117\" data-element_type=\"widget\" data-settings=\"{&quot;ekit_we_effect_on&quot;:&quot;none&quot;}\" data-widget_type=\"heading.default\">\n\t\t\t\t\t<h6 class=\"elementor-heading-title elementor-size-default\">sobre se desafiar<\/h6>\t\t\t\t<\/div>\n\t\t\t\t<div class=\"elementor-element elementor-element-3f1e365 elementor-widget elementor-widget-heading\" data-id=\"3f1e365\" data-element_type=\"widget\" data-settings=\"{&quot;ekit_we_effect_on&quot;:&quot;none&quot;}\" data-widget_type=\"heading.default\">\n\t\t\t\t\t<h3 class=\"elementor-heading-title elementor-size-default\">Ranking  Interno Maring\u00e1 Golf Club<\/h3>\t\t\t\t<\/div>\n\t\t\t\t<div class=\"elementor-element elementor-element-9f6db07 elementor-widget elementor-widget-text-editor\" data-id=\"9f6db07\" data-element_type=\"widget\" data-settings=\"{&quot;ekit_we_effect_on&quot;:&quot;none&quot;}\" data-widget_type=\"text-editor.default\">\n\t\t\t\t\t\t\t\t\t<p>Confira o ranking interno dos nossos golfistas, que a cada dia se desafiam e se apaixonam pelo golfe cada vez mais.<\/p>\t\t\t\t\t\t\t\t<\/div>\n\t\t\t\t<div class=\"elementor-element elementor-element-29e1a99 elementor-widget-divider--view-line elementor-widget elementor-widget-divider\" data-id=\"29e1a99\" data-element_type=\"widget\" data-settings=\"{&quot;ekit_we_effect_on&quot;:&quot;none&quot;}\" data-widget_type=\"divider.default\">\n\t\t\t\t\t\t\t<div class=\"elementor-divider\">\n\t\t\t<span class=\"elementor-divider-separator\">\n\t\t\t\t\t\t<\/span>\n\t\t<\/div>\n\t\t\t\t\t\t<\/div>\n\t\t\t\t<div class=\"elementor-element elementor-element-c0f375e elementor-widget elementor-widget-heading\" data-id=\"c0f375e\" data-element_type=\"widget\" data-settings=\"{&quot;ekit_we_effect_on&quot;:&quot;none&quot;}\" data-widget_type=\"heading.default\">\n\t\t\t\t\t<h2 class=\"elementor-heading-title elementor-size-default\">Categorias - Masculino<\/h2>\t\t\t\t<\/div>\n\t\t\t\t<div class=\"elementor-element elementor-element-6cf7551 elementor-widget elementor-widget-bdt-tabs\" data-id=\"6cf7551\" data-element_type=\"widget\" data-settings=\"{&quot;ekit_we_effect_on&quot;:&quot;none&quot;}\" data-widget_type=\"bdt-tabs.default\">\n\t\t\t\t\t        <div class=\"bdt-tabs-area\">\n\n            <div id=\"bdt-tabs-6cf7551-6222\" class=\"bdt-tabs  bdt-tabs-default\" data-settings=\"{&quot;id&quot;:&quot;bdt-tabs-6cf7551-6222&quot;,&quot;activeHash&quot;:&quot;no&quot;,&quot;hashTopOffset&quot;:70,&quot;hashScrollspyTime&quot;:1500,&quot;navStickyOffset&quot;:1,&quot;linkWidgetId&quot;:&quot;6cf7551-6222&quot;}\">\n                        <div class=\"bdt-tab-wrapper bdt-flex bdt-flex-center\">\n            <div class=\"bdt-tabs-wrap-inside\">\n                <div class=\"bdt-tab bdt-tab-default  bdt-flex bdt-flex-center\" data-bdt-tab=\"connect: #bdt-tab-content-6cf7551-6222; animation: bdt-animation-scale-up; duration: 200;\" data-bdt-height-match=\"target: &gt; .bdt-tabs-item &gt; .bdt-tabs-item-title; row: false;\">\n                                            <div class=\"bdt-tabs-item\">\n                            <a data-title=\"Index-at\u00e9-8,5---Gross\" class=\"bdt-tabs-item-title\" id=\"bdt-tab-Index-at\u00e9-8,5---Gross\" data-tab-index=\"0\" href=\"#\">\n                                <div class=\"bdt-tab-text-wrapper bdt-flex-column\">\n\n                                    <div class=\"bdt-tab-title-icon-wrapper\">\n\n                                        \n                                                                                    <span class=\"bdt-tab-text\">\n                                                Index at\u00e9 8,5 - Gross                                            <\/span>\n                                        \n                                        \n                                    <\/div>\n\n                                    \n                                <\/div>\n                            <\/a>\n                        <\/div>\n                                            <div class=\"bdt-tabs-item\">\n                            <a data-title=\"Index-at\u00e9-8,5---NET\" class=\"bdt-tabs-item-title\" id=\"bdt-tab-Index-at\u00e9-8,5---NET\" data-tab-index=\"1\" href=\"#\">\n                                <div class=\"bdt-tab-text-wrapper bdt-flex-column\">\n\n                                    <div class=\"bdt-tab-title-icon-wrapper\">\n\n                                        \n                                                                                    <span class=\"bdt-tab-text\">\n                                                Index at\u00e9 8,5 - NET                                            <\/span>\n                                        \n                                        \n                                    <\/div>\n\n                                    \n                                <\/div>\n                            <\/a>\n                        <\/div>\n                                            <div class=\"bdt-tabs-item\">\n                            <a data-title=\"Index-at\u00e9-8,6-a-14,0---Gross\" class=\"bdt-tabs-item-title\" id=\"bdt-tab-Index-at\u00e9-8,6-a-14,0---Gross\" data-tab-index=\"2\" href=\"#\">\n                                <div class=\"bdt-tab-text-wrapper bdt-flex-column\">\n\n                                    <div class=\"bdt-tab-title-icon-wrapper\">\n\n                                        \n                                                                                    <span class=\"bdt-tab-text\">\n                                                Index at\u00e9 8,6 a 14,0 - Gross                                            <\/span>\n                                        \n                                        \n                                    <\/div>\n\n                                    \n                                <\/div>\n                            <\/a>\n                        <\/div>\n                                    <\/div>\n            <\/div>\n        <\/div>\n\n        <div class=\"bdt-switcher-wrapper\">\n            <div id=\"bdt-tab-content-6cf7551-6222\" class=\"bdt-switcher bdt-switcher-item-content\">\n                                                        <div class=\"bdt-tab-content-item \" \n                    data-content-id=\"index-at-8-5-gross\">\n                        <div>\n                            <table style=\"border-collapse: collapse; width: 100%; height: 240px;\"><tbody><tr style=\"height: 24px;\"><td style=\"width: 25%; text-align: center;\"><strong>N\u00ba<\/strong><\/td><td style=\"width: 28.9801%; height: 24px; text-align: center;\"><strong>Jogador<\/strong><\/td><td style=\"width: 46.0199%; height: 24px; text-align: center;\"><strong>Pontos<\/strong><\/td><\/tr><tr style=\"height: 24px;\"><td style=\"width: 25%; text-align: center;\">01<\/td><td style=\"width: 28.9801%; text-align: center; height: 24px;\">Nicolas Lima<\/td><td style=\"width: 46.0199%; text-align: center; height: 24px;\">360,0<\/td><\/tr><tr style=\"height: 48px;\"><td style=\"width: 25%; text-align: center;\">02<\/td><td style=\"width: 28.9801%; text-align: center; height: 48px;\">Henrique Tripoloni<\/td><td style=\"width: 46.0199%; text-align: center; height: 48px;\">230,0<\/td><\/tr><tr style=\"height: 48px;\"><td style=\"width: 25%; text-align: center;\">03<\/td><td style=\"width: 28.9801%; text-align: center; height: 48px;\">Ot\u00e1vio Ivantes<\/td><td style=\"width: 46.0199%; text-align: center; height: 48px;\">230,0<\/td><\/tr><tr style=\"height: 24px;\"><td style=\"width: 25%; text-align: center;\">04<\/td><td style=\"width: 28.9801%; text-align: center; height: 24px;\">Vinicius Blasi<\/td><td style=\"width: 46.0199%; text-align: center; height: 24px;\">130,0<\/td><\/tr><tr style=\"height: 24px;\"><td style=\"width: 25%; text-align: center;\">05<\/td><td style=\"width: 28.9801%; text-align: center; height: 24px;\">Paulo de Melo Tripoloni<\/td><td style=\"width: 46.0199%; text-align: center; height: 24px;\">95,0<\/td><\/tr><tr style=\"height: 24px;\"><td style=\"width: 25%; text-align: center;\">06<\/td><td style=\"width: 28.9801%; text-align: center; height: 24px;\">Thales Nunes da Cruz<\/td><td style=\"width: 46.0199%; text-align: center; height: 24px;\">70,0<\/td><\/tr><tr style=\"height: 24px;\"><td style=\"width: 25%; text-align: center;\">07<\/td><td style=\"width: 28.9801%; text-align: center; height: 24px;\">Lucas Tripoloni Maldonado<\/td><td style=\"width: 46.0199%; text-align: center; height: 24px;\">45,0<\/td><\/tr><\/tbody><\/table>                        <\/div>\n                    <\/div>\n                                                        <div class=\"bdt-tab-content-item \" \n                    data-content-id=\"index-at-8-5-net\">\n                        <div>\n                            <table style=\"border-collapse: collapse; width: 100%; height: 312px;\"><tbody><tr style=\"height: 24px;\"><td style=\"width: 25%; text-align: center; height: 24px;\"><strong>N\u00ba<\/strong><\/td><td style=\"width: 25%; text-align: center; height: 24px;\"><strong>Jogador<\/strong><\/td><td style=\"width: 50%; text-align: center; height: 24px;\"><strong>Pontos<\/strong><\/td><\/tr><tr style=\"height: 24px;\"><td style=\"width: 25%; text-align: center; height: 48px;\">01<\/td><td style=\"width: 25%; text-align: center; height: 48px;\">Nicolas Lima<\/td><td style=\"width: 50%; text-align: center; height: 48px;\">330,0<\/td><\/tr><tr style=\"height: 48px;\"><td style=\"width: 25%; text-align: center; height: 48px;\">02<\/td><td style=\"width: 25%; text-align: center; height: 48px;\">Ot\u00e1vio Ivantes<\/td><td style=\"width: 50%; text-align: center; height: 48px;\">300,0<\/td><\/tr><tr style=\"height: 48px;\"><td style=\"width: 25%; text-align: center; height: 48px;\">03<\/td><td style=\"width: 25%; text-align: center; height: 48px;\">Henrique Tripoloni<\/td><td style=\"width: 50%; text-align: center; height: 48px;\">200,0<\/td><\/tr><tr style=\"height: 48px;\"><td style=\"width: 25%; text-align: center; height: 48px;\">04<\/td><td style=\"width: 25%; text-align: center; height: 48px;\">Vinicius Blasi<\/td><td style=\"width: 50%; text-align: center; height: 48px;\">130,0<\/td><\/tr><tr style=\"height: 24px;\"><td style=\"width: 25%; text-align: center; height: 24px;\">05<\/td><td style=\"width: 25%; text-align: center; height: 24px;\">Paulo de Melo Tripoloni<\/td><td style=\"width: 50%; text-align: center; height: 24px;\">90,0<\/td><\/tr><tr style=\"height: 24px;\"><td style=\"width: 25%; text-align: center; height: 24px;\">06<\/td><td style=\"width: 25%; text-align: center; height: 24px;\">Thales Nunes da Cruz<\/td><td style=\"width: 50%; text-align: center; height: 24px;\">60,0<\/td><\/tr><tr style=\"height: 24px;\"><td style=\"width: 25%; text-align: center; height: 24px;\">07<\/td><td style=\"width: 25%; text-align: center; height: 24px;\">Lucas Tripoloni Maldonado<\/td><td style=\"width: 50%; text-align: center; height: 24px;\">50,0<\/td><\/tr><\/tbody><\/table>                        <\/div>\n                    <\/div>\n                                                        <div class=\"bdt-tab-content-item \" \n                    data-content-id=\"index-at-8-6-a-14-0-gross\">\n                        <div>\n                            <table style=\"border-collapse: collapse; width: 100%; height: 864px;\"><tbody><tr style=\"height: 24px;\"><td style=\"width: 25%; text-align: center; height: 24px;\"><strong>N\u00ba<\/strong><\/td><td style=\"width: 25%; text-align: center; height: 24px;\"><strong>Jogador<\/strong><\/td><td style=\"width: 50%; text-align: center; height: 24px;\"><strong>Pontos<\/strong><\/td><\/tr><tr style=\"height: 24px;\"><td style=\"width: 25%; text-align: center; height: 48px;\">01<\/td><td style=\"width: 25%; text-align: center; height: 48px;\">Lucio Minoru Hiratomi<\/td><td style=\"width: 50%; text-align: center; height: 48px;\">390,0<\/td><\/tr><tr style=\"height: 48px;\"><td style=\"width: 25%; text-align: center; height: 48px;\">02<\/td><td style=\"width: 25%; text-align: center; height: 48px;\">Silvio Nunes Pereira<\/td><td style=\"width: 50%; text-align: center; height: 48px;\">240,0<\/td><\/tr><tr style=\"height: 48px;\"><td style=\"width: 25%; text-align: center; height: 48px;\">03<\/td><td style=\"width: 25%; text-align: center; height: 48px;\">Nelson Shioiti Shin-Ike<\/td><td style=\"width: 50%; text-align: center; height: 48px;\">215,0<\/td><\/tr><tr style=\"height: 48px;\"><td style=\"width: 25%; text-align: center; height: 48px;\">04<\/td><td style=\"width: 25%; text-align: center; height: 48px;\">Henrique Girardi de Souza<\/td><td style=\"width: 50%; text-align: center; height: 48px;\">172,5<\/td><\/tr><tr style=\"height: 24px;\"><td style=\"width: 25%; text-align: center; height: 24px;\">05<\/td><td style=\"width: 25%; text-align: center; height: 24px;\">Jerry Koyama<\/td><td style=\"width: 50%; text-align: center; height: 24px;\">168,5<\/td><\/tr><tr style=\"height: 24px;\"><td style=\"width: 25%; text-align: center; height: 24px;\">06<\/td><td style=\"width: 25%; text-align: center; height: 24px;\">Roberto Massayuki Hayacibara<\/td><td style=\"width: 50%; text-align: center; height: 24px;\">140,5<\/td><\/tr><tr style=\"height: 24px;\"><td style=\"width: 25%; text-align: center; height: 24px;\">07<\/td><td style=\"width: 25%; text-align: center; height: 24px;\">Nelson Katsushigue Matsuda<\/td><td style=\"width: 50%; text-align: center; height: 24px;\">132,0<\/td><\/tr><tr style=\"height: 48px;\"><td style=\"width: 25%; text-align: center; height: 48px;\">08<\/td><td style=\"width: 25%; text-align: center; height: 48px;\">Daniel Esteves<\/td><td style=\"width: 50%; text-align: center; height: 48px;\">125,0<\/td><\/tr><tr style=\"height: 72px;\"><td style=\"width: 25%; text-align: center; height: 72px;\">09<\/td><td style=\"width: 25%; text-align: center; height: 72px;\">Claudinei Regilio de Souza<\/td><td style=\"width: 50%; text-align: center; height: 72px;\">122,0<\/td><\/tr><tr style=\"height: 48px;\"><td style=\"width: 25%; text-align: center; height: 48px;\">10<\/td><td style=\"width: 25%; text-align: center; height: 48px;\">Hideo Suzawa<\/td><td style=\"width: 50%; text-align: center; height: 48px;\">120,5<\/td><\/tr><tr style=\"height: 48px;\"><td style=\"width: 25%; text-align: center; height: 48px;\">11<\/td><td style=\"width: 25%; text-align: center; height: 48px;\">Mario Gondo<\/td><td style=\"width: 50%; text-align: center; height: 48px;\">116,0<\/td><\/tr><tr style=\"height: 48px;\"><td style=\"width: 25%; text-align: center; height: 48px;\">12<\/td><td style=\"width: 25%; text-align: center; height: 48px;\">Marcio Koyama<\/td><td style=\"width: 50%; text-align: center; height: 48px;\">110,0<\/td><\/tr><tr style=\"height: 48px;\"><td style=\"width: 25%; text-align: center; height: 48px;\">13<\/td><td style=\"width: 25%; text-align: center; height: 48px;\">Futoshi Matsuda<\/td><td style=\"width: 50%; text-align: center; height: 48px;\">109,5<\/td><\/tr><tr style=\"height: 24px;\"><td style=\"width: 25%; text-align: center; height: 24px;\">14<\/td><td style=\"width: 25%; text-align: center; height: 24px;\">Claudio Renato Pupim Ivantes<\/td><td style=\"width: 50%; text-align: center; height: 24px;\">108,0<\/td><\/tr><tr style=\"height: 24px;\"><td style=\"width: 25%; text-align: center; height: 24px;\">15<\/td><td style=\"width: 25%; text-align: center; height: 24px;\">Marcos Kenji Fujisawa<\/td><td style=\"width: 50%; text-align: center; height: 24px;\">108,0<\/td><\/tr><tr style=\"height: 24px;\"><td style=\"width: 25%; text-align: center; height: 24px;\">16<\/td><td style=\"width: 25%; text-align: center; height: 24px;\">Roberto Sunao Otani<\/td><td style=\"width: 50%; text-align: center; height: 24px;\">107,5<\/td><\/tr><tr style=\"height: 24px;\"><td style=\"width: 25%; text-align: center; height: 24px;\">17<\/td><td style=\"width: 25%; text-align: center; height: 24px;\">Claudio Koji Uyeno<\/td><td style=\"width: 50%; text-align: center; height: 24px;\">100,0<\/td><\/tr><tr style=\"height: 24px;\"><td style=\"width: 25%; text-align: center; height: 24px;\">18<\/td><td style=\"width: 25%; text-align: center; height: 24px;\">Luiz Louren\u00e7o Junior<\/td><td style=\"width: 50%; text-align: center; height: 24px;\">100,0<\/td><\/tr><tr style=\"height: 24px;\"><td style=\"width: 25%; text-align: center; height: 24px;\">19<\/td><td style=\"width: 25%; text-align: center; height: 24px;\">Carlos Abilio<\/td><td style=\"width: 50%; text-align: center; height: 24px;\">97,5<\/td><\/tr><tr style=\"height: 24px;\"><td style=\"width: 25%; text-align: center; height: 24px;\">20<\/td><td style=\"width: 25%; text-align: center; height: 24px;\">Hugo Melo<\/td><td style=\"width: 50%; text-align: center; height: 24px;\">96,0<\/td><\/tr><tr style=\"height: 24px;\"><td style=\"width: 25%; text-align: center; height: 24px;\">21<\/td><td style=\"width: 25%; text-align: center; height: 24px;\">Adans Trautwein<\/td><td style=\"width: 50%; text-align: center; height: 24px;\">65,0<\/td><\/tr><tr style=\"height: 24px;\"><td style=\"width: 25%; text-align: center; height: 24px;\">22<\/td><td style=\"width: 25%; text-align: center; height: 24px;\">Vitor Ivantes<\/td><td style=\"width: 50%; text-align: center; height: 24px;\">54,0<\/td><\/tr><tr style=\"height: 24px;\"><td style=\"width: 25%; text-align: center; height: 24px;\">23<\/td><td style=\"width: 25%; text-align: center; height: 24px;\">Luiz Hiloshi Nishimori<\/td><td style=\"width: 50%; text-align: center; height: 24px;\">31,5<\/td><\/tr><tr style=\"height: 24px;\"><td style=\"width: 25%; text-align: center; height: 24px;\">24<\/td><td style=\"width: 25%; text-align: center; height: 24px;\">Jos\u00e9 Roberto Maldonado<\/td><td style=\"width: 50%; text-align: center; height: 24px;\">26,5<\/td><\/tr><\/tbody><\/table>                        <\/div>\n                    <\/div>\n                            <\/div>\n        <\/div>\n                    <a href=\"#\" id=\"bottom-anchor-6cf7551-6222\" data-bdt-hidden><\/a>\n            <\/div>\n        <\/div>\n    \t\t\t\t<\/div>\n\t\t\t\t<\/div>\n\t\t\t\t\t<\/div>\n\t\t\t\t<\/div>\n\t\t\t\t<\/div>\n\t\t","protected":false},"excerpt":{"rendered":"<p>sobre se desafiar Ranking Interno Maring\u00e1 Golf Club Confira o ranking interno dos nossos golfistas, que a cada dia se desafiam e se apaixonam pelo golfe cada vez mais. Categorias &#8211; Masculino Index at\u00e9 8,5 &#8211; Gross Index at\u00e9 8,5 &#8211; NET Index at\u00e9 8,6 a 14,0 &#8211; Gross N\u00ba Jogador Pontos 01 Nicolas Lima [&hellip;]<\/p>\n","protected":false},"author":1,"featured_media":0,"parent":0,"menu_order":0,"comment_status":"closed","ping_status":"closed","template":"","meta":{"footnotes":""},"class_list":["post-1289","page","type-page","status-publish","hentry"],"_links":{"self":[{"href":"https:\/\/ingaweb.com.br\/novo\/home\/wp-json\/wp\/v2\/pages\/1289","targetHints":{"allow":["GET"]}}],"collection":[{"href":"https:\/\/ingaweb.com.br\/novo\/home\/wp-json\/wp\/v2\/pages"}],"about":[{"href":"https:\/\/ingaweb.com.br\/novo\/home\/wp-json\/wp\/v2\/types\/page"}],"author":[{"embeddable":true,"href":"https:\/\/ingaweb.com.br\/novo\/home\/wp-json\/wp\/v2\/users\/1"}],"replies":[{"embeddable":true,"href":"https:\/\/ingaweb.com.br\/novo\/home\/wp-json\/wp\/v2\/comments?post=1289"}],"version-history":[{"count":76,"href":"https:\/\/ingaweb.com.br\/novo\/home\/wp-json\/wp\/v2\/pages\/1289\/revisions"}],"predecessor-version":[{"id":1377,"href":"https:\/\/ingaweb.com.br\/novo\/home\/wp-json\/wp\/v2\/pages\/1289\/revisions\/1377"}],"wp:attachment":[{"href":"https:\/\/ingaweb.com.br\/novo\/home\/wp-json\/wp\/v2\/media?parent=1289"}],"curies":[{"name":"wp","href":"https:\/\/api.w.org\/{rel}","templated":true}]}}